{"id":29,"date":"2021-08-17T17:01:39","date_gmt":"2021-08-17T20:01:39","guid":{"rendered":"http:\/\/www.inbrasil.ind.br\/logistica\/?page_id=29"},"modified":"2023-01-11T13:27:11","modified_gmt":"2023-01-11T16:27:11","slug":"nf","status":"publish","type":"page","link":"https:\/\/inbrasil.ind.br\/logistica\/nf\/","title":{"rendered":"nf"},"content":{"rendered":"<div class=\"wpb-content-wrapper\"><p>[vc_row full_width=&#8221;stretch_row_content&#8221; el_class=&#8221;logo&#8221;][vc_column][vc_single_image image=&#8221;137&#8243; img_size=&#8221;full&#8221; alignment=&#8221;center&#8221; onclick=&#8221;custom_link&#8221; link=&#8221;http:\/\/inbrasil.ind.br&#8221;][\/vc_column][\/vc_row][vc_row][vc_column][vc_column_text]<\/p>\n<h2>Log\u00edstica<\/h2>\n<p>[\/vc_column_text][\/vc_column][\/vc_row][vc_row][vc_column]\n<div class=\"wpcf7 no-js\" id=\"wpcf7-f33-o1\" lang=\"pt-BR\" dir=\"ltr\" data-wpcf7-id=\"33\">\n<div class=\"screen-reader-response\"><p role=\"status\" aria-live=\"polite\" aria-atomic=\"true\"><\/p> <ul><\/ul><\/div>\n<form action=\"\/logistica\/wp-json\/wp\/v2\/pages\/29#wpcf7-f33-o1\" method=\"post\" class=\"wpcf7-form init\" aria-label=\"Formul\u00e1rios de contato\" novalidate=\"novalidate\" data-status=\"init\">\n<div style=\"display: none;\">\n<input type=\"hidden\" name=\"_wpcf7\" value=\"33\" \/>\n<input type=\"hidden\" name=\"_wpcf7_version\" value=\"6.0.6\" \/>\n<input type=\"hidden\" name=\"_wpcf7_locale\" value=\"pt_BR\" \/>\n<input type=\"hidden\" name=\"_wpcf7_unit_tag\" value=\"wpcf7-f33-o1\" \/>\n<input type=\"hidden\" name=\"_wpcf7_container_post\" value=\"0\" \/>\n<input type=\"hidden\" name=\"_wpcf7_posted_data_hash\" value=\"\" \/>\n<\/div>\n<p><script>\n document.addEventListener('wpcf7mailsent', function (Event) {\n location = 'http:\/\/www.inbrasil.ind.br\/logistica\/obrigado\/';\n }, false);\n<\/script>\n<\/p>\n<p><label>N\u00famero da Nota Fiscal:<br \/>\n<span class=\"wpcf7-form-control-wrap\" data-name=\"text-188\"><input size=\"40\" maxlength=\"400\" class=\"wpcf7-form-control wpcf7-text wpcf7-validates-as-required\" aria-required=\"true\" aria-invalid=\"false\" value=\"\" type=\"text\" name=\"text-188\" \/><\/span><\/label>\n<\/p>\n<div class=\"buttonss\">\n\t<div class=\"certo1\">\n\t\t<div class=\"certo\">\n\t\t\t<p><span class=\"wpcf7-form-control-wrap\" data-name=\"radio-337\"><span class=\"wpcf7-form-control wpcf7-radio\"><span class=\"wpcf7-list-item first last\"><label><input type=\"radio\" name=\"radio-337\" value=\"Pedido Recebido\" checked=\"checked\" \/><span class=\"wpcf7-list-item-label\">Pedido Recebido<\/span><\/label><\/span><\/span><\/span><input class=\"wpcf7-form-control wpcf7-submit has-spinner\" type=\"submit\" value=\"Enviar\" \/>\n\t\t\t<\/p>\n\t\t<\/div>\n\t<\/div>\n\t<div class=\"certo\">\n\t\t<p><span class=\"wpcf7-form-control-wrap\" data-name=\"radio-337\"><span class=\"wpcf7-form-control wpcf7-radio\"><span class=\"wpcf7-list-item first last\"><label><input type=\"radio\" name=\"radio-337\" value=\"Pedido recebido com diverg\u00eancia\" checked=\"checked\" \/><span class=\"wpcf7-list-item-label\">Pedido recebido com diverg\u00eancia<\/span><\/label><\/span><\/span><\/span><a href=\"https:\/\/api.whatsapp.com\/send?phone=554299840196&text=Ol%C3%A1%2C%20meu%20pedido%20chegou%20com%20diverg\u00eancia!\"><\/a>\n\t\t<\/p>\n\t\t<h3>Falar com um respons\u00e1vel\n\t\t<\/h3>\n\t\t<h5>Aten\u00e7\u00e3o: S\u00f3 prossiga se voc\u00ea j\u00e1 fez a notifica\u00e7\u00e3o do CTe\n\t\t<\/h5>\n\t<\/div>\n\t<div class=\"inv\">\n\t\t<p><span class=\"wpcf7-form-control-wrap\" data-name=\"radio-337\"><span class=\"wpcf7-form-control wpcf7-radio\"><span class=\"wpcf7-list-item first last\"><label><input type=\"radio\" name=\"radio-337\" value=\"\" checked=\"checked\" \/><span class=\"wpcf7-list-item-label\"><\/span><\/label><\/span><\/span><\/span>\n\t\t<\/p>\n\t<\/div>\n<\/div>\n<div class=\"estrel\">\n\t<p><label>Avalie a transportadora de 1 \u00e0 5 estrelas!<br \/>\n<span class=\"wpcf7-form-control-wrap\" data-name=\"radio-831\"><span class=\"wpcf7-form-control wpcf7-radio\"><span class=\"wpcf7-list-item first\"><label><input type=\"radio\" name=\"radio-831\" value=\"5\" checked=\"checked\" \/><span class=\"wpcf7-list-item-label\">5<\/span><\/label><\/span><span class=\"wpcf7-list-item\"><label><input type=\"radio\" name=\"radio-831\" value=\"4\" \/><span class=\"wpcf7-list-item-label\">4<\/span><\/label><\/span><span class=\"wpcf7-list-item\"><label><input type=\"radio\" name=\"radio-831\" value=\"3\" \/><span class=\"wpcf7-list-item-label\">3<\/span><\/label><\/span><span class=\"wpcf7-list-item\"><label><input type=\"radio\" name=\"radio-831\" value=\"2\" \/><span class=\"wpcf7-list-item-label\">2<\/span><\/label><\/span><span class=\"wpcf7-list-item last\"><label><input type=\"radio\" name=\"radio-831\" value=\"1\" \/><span class=\"wpcf7-list-item-label\">1<\/span><\/label><\/span><\/span><\/span><\/label>\n\t<\/p>\n<\/div>\n<div class=\"obs\">\n\t<p><label>Observa\u00e7\u00e3o:<br \/>\n<span class=\"wpcf7-form-control-wrap\" data-name=\"textarea-181\"><textarea cols=\"40\" rows=\"10\" maxlength=\"2000\" class=\"wpcf7-form-control wpcf7-textarea\" aria-invalid=\"false\" name=\"textarea-181\"><\/textarea><\/span><\/label>\n\t<\/p>\n<\/div><div class=\"wpcf7-response-output\" aria-hidden=\"true\"><\/div>\n<\/form>\n<\/div>\n[\/vc_column][\/vc_row]<\/p>\n<\/div>","protected":false},"excerpt":{"rendered":"<p>[vc_row full_width=&#8221;stretch_row_content&#8221; el_class=&#8221;logo&#8221;][vc_column][vc_single_image image=&#8221;137&#8243; img_size=&#8221;full&#8221; alignment=&#8221;center&#8221; onclick=&#8221;custom_link&#8221; link=&#8221;http:\/\/inbrasil.ind.br&#8221;][\/vc_column][\/vc_row][vc_row][vc_column][vc_column_text] Log\u00edstica [\/vc_column_text][\/vc_column][\/vc_row][vc_row][vc_column][\/vc_column][\/vc_row]<\/p>\n","protected":false},"author":1,"featured_media":0,"parent":0,"menu_order":0,"comment_status":"closed","ping_status":"closed","template":"","meta":{"footnotes":""},"class_list":["post-29","page","type-page","status-publish","hentry"],"_links":{"self":[{"href":"https:\/\/inbrasil.ind.br\/logistica\/wp-json\/wp\/v2\/pages\/29","targetHints":{"allow":["GET"]}}],"collection":[{"href":"https:\/\/inbrasil.ind.br\/logistica\/wp-json\/wp\/v2\/pages"}],"about":[{"href":"https:\/\/inbrasil.ind.br\/logistica\/wp-json\/wp\/v2\/types\/page"}],"author":[{"embeddable":true,"href":"https:\/\/inbrasil.ind.br\/logistica\/wp-json\/wp\/v2\/users\/1"}],"replies":[{"embeddable":true,"href":"https:\/\/inbrasil.ind.br\/logistica\/wp-json\/wp\/v2\/comments?post=29"}],"version-history":[{"count":5,"href":"https:\/\/inbrasil.ind.br\/logistica\/wp-json\/wp\/v2\/pages\/29\/revisions"}],"predecessor-version":[{"id":139,"href":"https:\/\/inbrasil.ind.br\/logistica\/wp-json\/wp\/v2\/pages\/29\/revisions\/139"}],"wp:attachment":[{"href":"https:\/\/inbrasil.ind.br\/logistica\/wp-json\/wp\/v2\/media?parent=29"}],"curies":[{"name":"wp","href":"https:\/\/api.w.org\/{rel}","templated":true}]}}