{"id":14,"date":"2024-03-02T08:43:00","date_gmt":"2024-03-02T11:43:00","guid":{"rendered":"https:\/\/inbrasil.ind.br\/denuncias\/?page_id=14"},"modified":"2026-02-24T16:20:15","modified_gmt":"2026-02-24T19:20:15","slug":"canal-de-denuncias","status":"publish","type":"page","link":"https:\/\/inbrasil.ind.br\/denuncias\/","title":{"rendered":"Canal de Denuncias"},"content":{"rendered":"\n<figure class=\"wp-block-image size-full\"><img loading=\"lazy\" decoding=\"async\" width=\"998\" height=\"999\" src=\"https:\/\/inbrasil.ind.br\/denuncias\/wp-content\/uploads\/2026\/02\/cropped-logo-inbr-2023-insta-pinterest-face.png\" alt=\"\" class=\"wp-image-59\" srcset=\"https:\/\/inbrasil.ind.br\/denuncias\/wp-content\/uploads\/2026\/02\/cropped-logo-inbr-2023-insta-pinterest-face.png 998w, https:\/\/inbrasil.ind.br\/denuncias\/wp-content\/uploads\/2026\/02\/cropped-logo-inbr-2023-insta-pinterest-face-300x300.png 300w, https:\/\/inbrasil.ind.br\/denuncias\/wp-content\/uploads\/2026\/02\/cropped-logo-inbr-2023-insta-pinterest-face-150x150.png 150w, https:\/\/inbrasil.ind.br\/denuncias\/wp-content\/uploads\/2026\/02\/cropped-logo-inbr-2023-insta-pinterest-face-768x769.png 768w, https:\/\/inbrasil.ind.br\/denuncias\/wp-content\/uploads\/2026\/02\/cropped-logo-inbr-2023-insta-pinterest-face-146x146.png 146w, https:\/\/inbrasil.ind.br\/denuncias\/wp-content\/uploads\/2026\/02\/cropped-logo-inbr-2023-insta-pinterest-face-50x50.png 50w, https:\/\/inbrasil.ind.br\/denuncias\/wp-content\/uploads\/2026\/02\/cropped-logo-inbr-2023-insta-pinterest-face-75x75.png 75w, https:\/\/inbrasil.ind.br\/denuncias\/wp-content\/uploads\/2026\/02\/cropped-logo-inbr-2023-insta-pinterest-face-85x85.png 85w, https:\/\/inbrasil.ind.br\/denuncias\/wp-content\/uploads\/2026\/02\/cropped-logo-inbr-2023-insta-pinterest-face-80x80.png 80w\" sizes=\"auto, (max-width: 998px) 100vw, 998px\" \/><\/figure>\n\n\n\n<div class=\"wpcf7 no-js\" id=\"wpcf7-f46-o1\" lang=\"en-US\" dir=\"ltr\" data-wpcf7-id=\"46\">\n<div class=\"screen-reader-response\"><p role=\"status\" aria-live=\"polite\" aria-atomic=\"true\"><\/p> <ul><\/ul><\/div>\n<form action=\"\/denuncias\/wp-json\/wp\/v2\/pages\/14#wpcf7-f46-o1\" method=\"post\" class=\"wpcf7-form init\" aria-label=\"Contact form\" enctype=\"multipart\/form-data\" novalidate=\"novalidate\" data-status=\"init\">\n<fieldset class=\"hidden-fields-container\"><input type=\"hidden\" name=\"_wpcf7\" value=\"46\" \/><input type=\"hidden\" name=\"_wpcf7_version\" value=\"6.1.5\" \/><input type=\"hidden\" name=\"_wpcf7_locale\" value=\"en_US\" \/><input type=\"hidden\" name=\"_wpcf7_unit_tag\" value=\"wpcf7-f46-o1\" \/><input type=\"hidden\" name=\"_wpcf7_container_post\" value=\"0\" \/><input type=\"hidden\" name=\"_wpcf7_posted_data_hash\" value=\"\" \/>\n<\/fieldset>\n<p><label> CONCORDO COM OS <a href=\"https:\/\/www.inbrasil.ind.br\/uso-do-canal-de-denuncias\/\"><b>TERMOS DE USO<\/b><\/a>.<br \/>\n<span class=\"wpcf7-form-control-wrap\" data-name=\"checkbox-222\"><span class=\"wpcf7-form-control wpcf7-checkbox wpcf7-validates-as-required\"><span class=\"wpcf7-list-item first last\"><label><input type=\"checkbox\" name=\"checkbox-222[]\" value=\"SIM\" \/><span class=\"wpcf7-list-item-label\">SIM<\/span><\/label><\/span><\/span><\/span><\/label>\n<\/p>\n<p><label>Voc\u00ea deseja se identificar?<br \/>\n<span class=\"wpcf7-form-control-wrap\" data-name=\"identificar\"><span class=\"wpcf7-form-control wpcf7-radio\"><span class=\"wpcf7-list-item first\"><label><input type=\"radio\" name=\"identificar\" value=\"N\u00e3o\" checked=\"checked\" \/><span class=\"wpcf7-list-item-label\">N\u00e3o<\/span><\/label><\/span><span class=\"wpcf7-list-item last\"><label><input type=\"radio\" name=\"identificar\" value=\"Sim\" \/><span class=\"wpcf7-list-item-label\">Sim<\/span><\/label><\/span><\/span><\/span><\/label>\n<\/p>\n<p><span class=\"wpcf7-form-control-wrap\" data-name=\"identificartext\"><input size=\"40\" maxlength=\"400\" class=\"wpcf7-form-control wpcf7-text\" aria-invalid=\"false\" placeholder=\"Opcional\" value=\"\" type=\"text\" name=\"identificartext\" \/><\/span>\n<\/p>\n<p><label>Em qual setor voc\u00ea trabalha?<br \/>\n<span class=\"wpcf7-form-control-wrap\" data-name=\"setores\"><select class=\"wpcf7-form-control wpcf7-select wpcf7-validates-as-required\" aria-required=\"true\" aria-invalid=\"false\" name=\"setores\"><option value=\"\">&#8212;Please choose an option&#8212;<\/option><option value=\"Lava\u00e7\u00e3o\">Lava\u00e7\u00e3o<\/option><option value=\"Extrus\u00e3o\">Extrus\u00e3o<\/option><option value=\"Embalagem\">Embalagem<\/option><option value=\"Montagem\">Montagem<\/option><option value=\"Manuten\u00e7\u00e3o\">Manuten\u00e7\u00e3o<\/option><option value=\"Expedi\u00e7\u00e3o\">Expedi\u00e7\u00e3o<\/option><option value=\"Engenharia\">Engenharia<\/option><option value=\"PCP\">PCP<\/option><option value=\"Qualidade\">Qualidade<\/option><option value=\"Comercial\">Comercial<\/option><option value=\"Financeiro\">Financeiro<\/option><option value=\"Marketing\">Marketing<\/option><option value=\"RH\">RH<\/option><option value=\"Prefiro N\u00e3o Informar\">Prefiro N\u00e3o Informar<\/option><\/select><\/span><\/label>\n<\/p>\n<p><label>Qual \u00e9 sua rela\u00e7\u00e3o com a empresa?<br \/>\n<span class=\"wpcf7-form-control-wrap\" data-name=\"relacaocomempresa\"><select class=\"wpcf7-form-control wpcf7-select wpcf7-validates-as-required\" aria-required=\"true\" aria-invalid=\"false\" name=\"relacaocomempresa\"><option value=\"\">&#8212;Please choose an option&#8212;<\/option><option value=\"Funcion\u00e1rio\">Funcion\u00e1rio<\/option><option value=\"Fornecedor\">Fornecedor<\/option><option value=\"Cliente\">Cliente<\/option><option value=\"Outros\">Outros<\/option><\/select><\/span><\/label>\n<\/p>\n<p><label>Qual tipo de den\u00fancia voc\u00ea deseja relatar?<br \/>\n<span class=\"wpcf7-form-control-wrap\" data-name=\"tipodenuncia\"><select class=\"wpcf7-form-control wpcf7-select wpcf7-validates-as-required\" aria-required=\"true\" aria-invalid=\"false\" name=\"tipodenuncia\"><option value=\"\">&#8212;Please choose an option&#8212;<\/option><option value=\"Ass\u00e9dio sexual\">Ass\u00e9dio sexual<\/option><option value=\"Ass\u00e9dio moral\">Ass\u00e9dio moral<\/option><option value=\"Corrup\u00e7\u00e3o\">Corrup\u00e7\u00e3o<\/option><option value=\"Fraude\">Fraude<\/option><\/select><\/span><\/label>\n<\/p>\n<p><label>Onde ocorreu o fato?<br \/>\n<span class=\"wpcf7-form-control-wrap\" data-name=\"onde\"><input size=\"40\" maxlength=\"400\" class=\"wpcf7-form-control wpcf7-text wpcf7-validates-as-required\" aria-required=\"true\" aria-invalid=\"false\" value=\"\" type=\"text\" name=\"onde\" \/><\/span><\/label>\n<\/p>\n<p><label>Quando ocorreu o fato?<br \/>\n<span class=\"wpcf7-form-control-wrap\" data-name=\"quando\"><input size=\"40\" maxlength=\"400\" class=\"wpcf7-form-control wpcf7-text wpcf7-validates-as-required\" aria-required=\"true\" aria-invalid=\"false\" value=\"\" type=\"text\" name=\"quando\" \/><\/span><\/label>\n<\/p>\n<p><label>Quem cometeu o fato? Em qual setor essa pessoa trabalha?<br \/>\n<span class=\"wpcf7-form-control-wrap\" data-name=\"quemqual\"><input size=\"40\" maxlength=\"400\" class=\"wpcf7-form-control wpcf7-text wpcf7-validates-as-required\" aria-required=\"true\" aria-invalid=\"false\" value=\"\" type=\"text\" name=\"quemqual\" \/><\/span><\/label>\n<\/p>\n<p><label>Esse fato continua acontecendo?<br \/>\n<span class=\"wpcf7-form-control-wrap\" data-name=\"continua\"><input size=\"40\" maxlength=\"400\" class=\"wpcf7-form-control wpcf7-text wpcf7-validates-as-required\" aria-required=\"true\" aria-invalid=\"false\" value=\"\" type=\"text\" name=\"continua\" \/><\/span><\/label>\n<\/p>\n<p><label>Havia testemunhas?<br \/>\n<span class=\"wpcf7-form-control-wrap\" data-name=\"testemunhas\"><span class=\"wpcf7-form-control wpcf7-radio\"><span class=\"wpcf7-list-item first\"><label><input type=\"radio\" name=\"testemunhas\" value=\"N\u00e3o\" checked=\"checked\" \/><span class=\"wpcf7-list-item-label\">N\u00e3o<\/span><\/label><\/span><span class=\"wpcf7-list-item last\"><label><input type=\"radio\" name=\"testemunhas\" value=\"Sim\" \/><span class=\"wpcf7-list-item-label\">Sim<\/span><\/label><\/span><\/span><\/span><\/label>\n<\/p>\n<p><label>Por favor, descreva com detalhes o que aconteceu, indicando o(s) nome(s) da(s) pessoa(s) envolvida(s) entre outras informa\u00e7\u00f5es que voc\u00ea considera importantes.<br \/>\n<span class=\"wpcf7-form-control-wrap\" data-name=\"descreva\"><textarea cols=\"40\" rows=\"10\" maxlength=\"2000\" class=\"wpcf7-form-control wpcf7-textarea wpcf7-validates-as-required\" aria-required=\"true\" aria-invalid=\"false\" name=\"descreva\"><\/textarea><\/span><\/label>\n<\/p>\n<p><label>Qual \u00e9 o grau de certeza sobre o fato que voc\u00ea est\u00e1 denunciando?<br \/>\n<span class=\"wpcf7-form-control-wrap\" data-name=\"graucerteza\"><select class=\"wpcf7-form-control wpcf7-select wpcf7-validates-as-required\" aria-required=\"true\" aria-invalid=\"false\" name=\"graucerteza\"><option value=\"Alta\">Alta<\/option><option value=\"M\u00e9dia\">M\u00e9dia<\/option><option value=\"Baixa\">Baixa<\/option><option value=\"Muito Baixa\">Muito Baixa<\/option><\/select><\/span><\/label>\n<\/p>\n<p><label>Caso voc\u00ea tenha evid\u00eancias do ocorrido, como foto, v\u00eddeo ou documento, por favor, anexe aqui.<br \/>\n<span class=\"wpcf7-form-control-wrap\" data-name=\"file-387\"><input size=\"40\" class=\"wpcf7-form-control wpcf7-file\" accept=\"audio\/*,video\/*,image\/*\" aria-invalid=\"false\" type=\"file\" name=\"file-387\" \/><\/span><\/label>\n<\/p>\n<p><input class=\"wpcf7-form-control wpcf7-submit has-spinner\" type=\"submit\" value=\"Enviar\" \/>\n<\/p><div class=\"wpcf7-response-output\" aria-hidden=\"true\"><\/div>\n<\/form>\n<\/div>\n","protected":false},"excerpt":{"rendered":"","protected":false},"author":1,"featured_media":0,"parent":0,"menu_order":0,"comment_status":"closed","ping_status":"closed","template":"","meta":{"footnotes":""},"class_list":["post-14","page","type-page","status-publish","hentry"],"_links":{"self":[{"href":"https:\/\/inbrasil.ind.br\/denuncias\/wp-json\/wp\/v2\/pages\/14","targetHints":{"allow":["GET"]}}],"collection":[{"href":"https:\/\/inbrasil.ind.br\/denuncias\/wp-json\/wp\/v2\/pages"}],"about":[{"href":"https:\/\/inbrasil.ind.br\/denuncias\/wp-json\/wp\/v2\/types\/page"}],"author":[{"embeddable":true,"href":"https:\/\/inbrasil.ind.br\/denuncias\/wp-json\/wp\/v2\/users\/1"}],"replies":[{"embeddable":true,"href":"https:\/\/inbrasil.ind.br\/denuncias\/wp-json\/wp\/v2\/comments?post=14"}],"version-history":[{"count":2,"href":"https:\/\/inbrasil.ind.br\/denuncias\/wp-json\/wp\/v2\/pages\/14\/revisions"}],"predecessor-version":[{"id":61,"href":"https:\/\/inbrasil.ind.br\/denuncias\/wp-json\/wp\/v2\/pages\/14\/revisions\/61"}],"wp:attachment":[{"href":"https:\/\/inbrasil.ind.br\/denuncias\/wp-json\/wp\/v2\/media?parent=14"}],"curies":[{"name":"wp","href":"https:\/\/api.w.org\/{rel}","templated":true}]}}